{"id":369,"date":"2023-04-02T14:40:27","date_gmt":"2023-04-02T14:40:27","guid":{"rendered":"http:\/\/kord2.com\/wp\/?page_id=369"},"modified":"2023-04-10T15:52:28","modified_gmt":"2023-04-10T15:52:28","slug":"o-nama","status":"publish","type":"page","link":"https:\/\/kord2.com\/wp\/o-nama\/","title":{"rendered":"O nama"},"content":{"rendered":"\t\t<div data-elementor-type=\"wp-page\" data-elementor-id=\"369\" class=\"elementor elementor-369\">\n\t\t\t\t\t\t<section class=\"elementor-section elementor-top-section elementor-element elementor-element-4ee6c55 elementor-section-boxed elementor-section-height-default elementor-section-height-default\" data-id=\"4ee6c55\" data-element_type=\"section\">\n\t\t\t\t\t\t<div class=\"elementor-container elementor-column-gap-default\">\n\t\t\t\t\t<div class=\"elementor-column elementor-col-100 elementor-top-column elementor-element elementor-element-a91ad73\" data-id=\"a91ad73\" data-element_type=\"column\">\n\t\t\t<div class=\"elementor-widget-wrap elementor-element-populated\">\n\t\t\t\t\t\t<div class=\"elementor-element elementor-element-7be3cdd elementor-widget-divider--view-line_icon animated-slow elementor-view-default elementor-widget-divider--element-align-center elementor-invisible elementor-widget elementor-widget-divider\" data-id=\"7be3cdd\" data-element_type=\"widget\" data-settings=\"{&quot;_animation&quot;:&quot;fadeIn&quot;,&quot;_animation_delay&quot;:300}\" data-widget_type=\"divider.default\">\n\t\t\t\t<div class=\"elementor-widget-container\">\n\t\t\t\t\t\t\t<div class=\"elementor-divider\">\n\t\t\t<span class=\"elementor-divider-separator\">\n\t\t\t\t\t\t\t<div class=\"elementor-icon elementor-divider__element\">\n\t\t\t\t\t<i aria-hidden=\"true\" class=\"fas fa-star\"><\/i><\/div>\n\t\t\t\t\t\t<\/span>\n\t\t<\/div>\n\t\t\t\t\t\t<\/div>\n\t\t\t\t<\/div>\n\t\t\t\t\t<\/div>\n\t\t<\/div>\n\t\t\t\t\t<\/div>\n\t\t<\/section>\n\t\t\t\t<section class=\"elementor-section elementor-top-section elementor-element elementor-element-5de402c animated-slow elementor-section-boxed elementor-section-height-default elementor-section-height-default elementor-invisible\" data-id=\"5de402c\" data-element_type=\"section\" data-settings=\"{&quot;animation&quot;:&quot;fadeIn&quot;,&quot;animation_delay&quot;:300}\">\n\t\t\t\t\t\t<div class=\"elementor-container elementor-column-gap-default\">\n\t\t\t\t\t<div class=\"elementor-column elementor-col-50 elementor-top-column elementor-element elementor-element-4b12e8d\" data-id=\"4b12e8d\" data-element_type=\"column\">\n\t\t\t<div class=\"elementor-widget-wrap elementor-element-populated\">\n\t\t\t\t\t\t<div class=\"elementor-element elementor-element-9b15301 elementor-widget elementor-widget-video\" data-id=\"9b15301\" data-element_type=\"widget\" data-settings=\"{&quot;youtube_url&quot;:&quot;https:\\\/\\\/youtu.be\\\/GCBEX1cuDGU&quot;,&quot;autoplay&quot;:&quot;yes&quot;,&quot;video_type&quot;:&quot;youtube&quot;,&quot;controls&quot;:&quot;yes&quot;}\" data-widget_type=\"video.default\">\n\t\t\t\t<div class=\"elementor-widget-container\">\n\t\t\t\t\t\t\t<div class=\"elementor-wrapper elementor-open-inline\">\n\t\t\t<div class=\"elementor-video\"><\/div>\t\t<\/div>\n\t\t\t\t\t\t<\/div>\n\t\t\t\t<\/div>\n\t\t\t\t<div class=\"elementor-element elementor-element-e81b9db elementor-widget elementor-widget-spacer\" data-id=\"e81b9db\" data-element_type=\"widget\" data-widget_type=\"spacer.default\">\n\t\t\t\t<div class=\"elementor-widget-container\">\n\t\t\t\t\t\t\t<div class=\"elementor-spacer\">\n\t\t\t<div class=\"elementor-spacer-inner\"><\/div>\n\t\t<\/div>\n\t\t\t\t\t\t<\/div>\n\t\t\t\t<\/div>\n\t\t\t\t\t<\/div>\n\t\t<\/div>\n\t\t\t\t<div class=\"elementor-column elementor-col-50 elementor-top-column elementor-element elementor-element-90d9d44\" data-id=\"90d9d44\" data-element_type=\"column\">\n\t\t\t<div class=\"elementor-widget-wrap elementor-element-populated\">\n\t\t\t\t\t\t<div class=\"elementor-element elementor-element-571b1b8 elementor-widget elementor-widget-text-editor\" data-id=\"571b1b8\" data-element_type=\"widget\" data-widget_type=\"text-editor.default\">\n\t\t\t\t<div class=\"elementor-widget-container\">\n\t\t\t\t\t\t\t\t\t<p>Firma Kord2 osnovana je 1972. godine. Osnovnu delatnost firme predstavlja proizvodnja rezervnih delova za opremu u kerami\u010dkoj industriji, industriji ambala\u017ee od kartona i ostalim granama industrije. Glavni deo asortimana \u010dine gumeni, silikonski, gumeno-metalni i metalni delovi.<\/p><p>Osim na doma\u0107e tr\u017ei\u0161te, zna\u010dajan deo proizvoda se izvozi i u evropske zemlje.<\/p><p>Kord2 koristi isklju\u010divo sertifikovane sirovine u procesu proizvodnje. Organizacioni sektor firme poseduje i primenjuje sertifikovan sistem menad\u017ementa kvalitetom ISO 9001:2015; \u017eivotnom sredinom ISO 14001:2015; bezbedno\u0161\u0107u i zdravljem na radu ISO 456001:2018;<\/p><p>Koriste\u0107i na\u0161e resurse uz saradnju sa najboljim doma\u0107im i stranim \u0161pediterskim kompanijama organizujemo i garantujemo transport robe u najkra\u0107em mogu\u0107em roku.<\/p><p>Klijentima omogu\u0107ujemo fleksibilnost, stru\u010dnost i visok kvalitet proizvoda i usluga, optimizaciju lanca snabdevanja, konkurentske cene i smanjenje tro\u0161kova u pogledu upravljanja, logistike i transporta.<\/p>\t\t\t\t\t\t\t\t<\/div>\n\t\t\t\t<\/div>\n\t\t\t\t<div class=\"elementor-element elementor-element-d40e224 elementor-widget elementor-widget-spacer\" data-id=\"d40e224\" data-element_type=\"widget\" data-widget_type=\"spacer.default\">\n\t\t\t\t<div class=\"elementor-widget-container\">\n\t\t\t\t\t\t\t<div class=\"elementor-spacer\">\n\t\t\t<div class=\"elementor-spacer-inner\"><\/div>\n\t\t<\/div>\n\t\t\t\t\t\t<\/div>\n\t\t\t\t<\/div>\n\t\t\t\t\t<\/div>\n\t\t<\/div>\n\t\t\t\t\t<\/div>\n\t\t<\/section>\n\t\t\t\t<section class=\"elementor-section elementor-top-section elementor-element elementor-element-4f9744d animated-slow elementor-section-boxed elementor-section-height-default elementor-section-height-default elementor-invisible\" data-id=\"4f9744d\" data-element_type=\"section\" data-settings=\"{&quot;animation&quot;:&quot;fadeIn&quot;,&quot;animation_delay&quot;:200}\">\n\t\t\t\t\t\t<div class=\"elementor-container elementor-column-gap-default\">\n\t\t\t\t\t<div class=\"elementor-column elementor-col-100 elementor-top-column elementor-element elementor-element-fc2dff4\" data-id=\"fc2dff4\" data-element_type=\"column\">\n\t\t\t<div class=\"elementor-widget-wrap elementor-element-populated\">\n\t\t\t\t\t\t<div class=\"elementor-element elementor-element-d5071dc elementor-widget elementor-widget-image\" data-id=\"d5071dc\" data-element_type=\"widget\" data-widget_type=\"image.default\">\n\t\t\t\t<div class=\"elementor-widget-container\">\n\t\t\t\t\t\t\t\t\t\t\t\t\t\t\t<img decoding=\"async\" width=\"300\" height=\"93\" src=\"https:\/\/kord2.com\/wp\/wp-content\/uploads\/2023\/04\/znaci-sertifikacije-1-300x93.png\" class=\"attachment-medium size-medium wp-image-5883\" alt=\"\" srcset=\"https:\/\/kord2.com\/wp\/wp-content\/uploads\/2023\/04\/znaci-sertifikacije-1-300x93.png 300w, https:\/\/kord2.com\/wp\/wp-content\/uploads\/2023\/04\/znaci-sertifikacije-1-1024x318.png 1024w, https:\/\/kord2.com\/wp\/wp-content\/uploads\/2023\/04\/znaci-sertifikacije-1-768x239.png 768w, https:\/\/kord2.com\/wp\/wp-content\/uploads\/2023\/04\/znaci-sertifikacije-1.png 1203w\" sizes=\"(max-width: 300px) 100vw, 300px\" \/>\t\t\t\t\t\t\t\t\t\t\t\t\t\t\t<\/div>\n\t\t\t\t<\/div>\n\t\t\t\t\t<\/div>\n\t\t<\/div>\n\t\t\t\t\t<\/div>\n\t\t<\/section>\n\t\t\t\t<section class=\"elementor-section elementor-top-section elementor-element elementor-element-1398257 animated-slow elementor-section-boxed elementor-section-height-default elementor-section-height-default elementor-invisible\" data-id=\"1398257\" data-element_type=\"section\" data-settings=\"{&quot;animation&quot;:&quot;fadeIn&quot;,&quot;animation_delay&quot;:200}\">\n\t\t\t\t\t\t<div class=\"elementor-container elementor-column-gap-default\">\n\t\t\t\t\t<div class=\"elementor-column elementor-col-100 elementor-top-column elementor-element elementor-element-2a01435\" data-id=\"2a01435\" data-element_type=\"column\">\n\t\t\t<div class=\"elementor-widget-wrap elementor-element-populated\">\n\t\t\t\t\t\t<div class=\"elementor-element elementor-element-681d9e4 elementor-widget elementor-widget-spacer\" data-id=\"681d9e4\" data-element_type=\"widget\" data-widget_type=\"spacer.default\">\n\t\t\t\t<div class=\"elementor-widget-container\">\n\t\t\t\t\t\t\t<div class=\"elementor-spacer\">\n\t\t\t<div class=\"elementor-spacer-inner\"><\/div>\n\t\t<\/div>\n\t\t\t\t\t\t<\/div>\n\t\t\t\t<\/div>\n\t\t\t\t<section class=\"elementor-section elementor-inner-section elementor-element elementor-element-54fed9e elementor-section-boxed elementor-section-height-default elementor-section-height-default\" data-id=\"54fed9e\" data-element_type=\"section\">\n\t\t\t\t\t\t<div class=\"elementor-container elementor-column-gap-default\">\n\t\t\t\t\t<div class=\"elementor-column elementor-col-100 elementor-inner-column elementor-element elementor-element-7bd4c88\" data-id=\"7bd4c88\" data-element_type=\"column\">\n\t\t\t<div class=\"elementor-widget-wrap elementor-element-populated\">\n\t\t\t\t\t\t<div class=\"elementor-element elementor-element-fb86a01 elementor-widget elementor-widget-accordion\" data-id=\"fb86a01\" data-element_type=\"widget\" data-widget_type=\"accordion.default\">\n\t\t\t\t<div class=\"elementor-widget-container\">\n\t\t\t\t\t\t\t<div class=\"elementor-accordion\">\n\t\t\t\t\t\t\t<div class=\"elementor-accordion-item\">\n\t\t\t\t\t<div id=\"elementor-tab-title-2631\" class=\"elementor-tab-title\" data-tab=\"1\" role=\"button\" aria-controls=\"elementor-tab-content-2631\" aria-expanded=\"false\">\n\t\t\t\t\t\t\t\t\t\t\t\t\t<span class=\"elementor-accordion-icon elementor-accordion-icon-left\" aria-hidden=\"true\">\n\t\t\t\t\t\t\t\t\t\t\t\t\t\t\t<span class=\"elementor-accordion-icon-closed\"><i class=\"fas fa-plus\"><\/i><\/span>\n\t\t\t\t\t\t\t\t<span class=\"elementor-accordion-icon-opened\"><i class=\"fas fa-minus\"><\/i><\/span>\n\t\t\t\t\t\t\t\t\t\t\t\t\t\t<\/span>\n\t\t\t\t\t\t\t\t\t\t\t\t<a class=\"elementor-accordion-title\" tabindex=\"0\">Na\u0161a misija<\/a>\n\t\t\t\t\t<\/div>\n\t\t\t\t\t<div id=\"elementor-tab-content-2631\" class=\"elementor-tab-content elementor-clearfix\" data-tab=\"1\" role=\"region\" aria-labelledby=\"elementor-tab-title-2631\"><p>Stalnim pra\u0107enjem promena i inovacija u okviru industrijske tehnologije i tr\u017ei\u0161ta, Kord2 te\u017ei<br \/>da unapredi svoje proizvode uz konstantno istra\u017eivanje potreba klijenata za novim,<br \/>funkcionalnijim<br \/>oblicima proizvoda. Planiranjem, organizacijom , strateskim marketingom cilj je ostvariti<br \/>stalni rast i razvoj kompanije.<\/p><\/div>\n\t\t\t\t<\/div>\n\t\t\t\t\t\t\t<div class=\"elementor-accordion-item\">\n\t\t\t\t\t<div id=\"elementor-tab-title-2632\" class=\"elementor-tab-title\" data-tab=\"2\" role=\"button\" aria-controls=\"elementor-tab-content-2632\" aria-expanded=\"false\">\n\t\t\t\t\t\t\t\t\t\t\t\t\t<span class=\"elementor-accordion-icon elementor-accordion-icon-left\" aria-hidden=\"true\">\n\t\t\t\t\t\t\t\t\t\t\t\t\t\t\t<span class=\"elementor-accordion-icon-closed\"><i class=\"fas fa-plus\"><\/i><\/span>\n\t\t\t\t\t\t\t\t<span class=\"elementor-accordion-icon-opened\"><i class=\"fas fa-minus\"><\/i><\/span>\n\t\t\t\t\t\t\t\t\t\t\t\t\t\t<\/span>\n\t\t\t\t\t\t\t\t\t\t\t\t<a class=\"elementor-accordion-title\" tabindex=\"0\">Na\u0161a vizija<\/a>\n\t\t\t\t\t<\/div>\n\t\t\t\t\t<div id=\"elementor-tab-content-2632\" class=\"elementor-tab-content elementor-clearfix\" data-tab=\"2\" role=\"region\" aria-labelledby=\"elementor-tab-title-2632\"><p>Vizija kompanije Kord2 je da bude sinonim za ozbiljnost, kvalitet, poverenje svojih klijenata<br \/>postavljaju\u0107i stalno vi\u0161e standarde u oblasti poslovanja, ideja, investicija. Stalnim<br \/>unapre\u0111enjem procesa rada, primenom inovativnih tehnologija, brzim reagovanjem na<br \/>nove zahteve klijenata \u017eeli se ostvariti pozitivna dinamika poslovanja.<\/p><\/div>\n\t\t\t\t<\/div>\n\t\t\t\t\t\t\t\t<\/div>\n\t\t\t\t\t\t<\/div>\n\t\t\t\t<\/div>\n\t\t\t\t\t<\/div>\n\t\t<\/div>\n\t\t\t\t\t<\/div>\n\t\t<\/section>\n\t\t\t\t\t<\/div>\n\t\t<\/div>\n\t\t\t\t\t<\/div>\n\t\t<\/section>\n\t\t\t\t<section class=\"elementor-section elementor-top-section elementor-element elementor-element-9f1e8dc animated-slow elementor-section-boxed elementor-section-height-default elementor-section-height-default elementor-invisible\" data-id=\"9f1e8dc\" data-element_type=\"section\" data-settings=\"{&quot;animation&quot;:&quot;fadeIn&quot;,&quot;animation_delay&quot;:200}\">\n\t\t\t\t\t\t<div class=\"elementor-container elementor-column-gap-default\">\n\t\t\t\t\t<div class=\"elementor-column elementor-col-100 elementor-top-column elementor-element elementor-element-a59a4b0\" data-id=\"a59a4b0\" data-element_type=\"column\">\n\t\t\t<div class=\"elementor-widget-wrap elementor-element-populated\">\n\t\t\t\t\t\t<div class=\"elementor-element elementor-element-7c7eeb6 elementor-widget elementor-widget-heading\" data-id=\"7c7eeb6\" data-element_type=\"widget\" data-widget_type=\"heading.default\">\n\t\t\t\t<div class=\"elementor-widget-container\">\n\t\t\t\t\t<h4 class=\"elementor-heading-title elementor-size-default\">Budite slobodni da nam postavite pitanje<\/h4>\t\t\t\t<\/div>\n\t\t\t\t<\/div>\n\t\t\t\t<div class=\"elementor-element elementor-element-9f965ab elementor-align-center elementor-widget elementor-widget-button\" data-id=\"9f965ab\" data-element_type=\"widget\" data-widget_type=\"button.default\">\n\t\t\t\t<div class=\"elementor-widget-container\">\n\t\t\t\t\t\t\t\t\t<div class=\"elementor-button-wrapper\">\n\t\t\t\t\t<a class=\"elementor-button elementor-button-link elementor-size-sm\" href=\"https:\/\/kord2.com\/wp\/kontakt\">\n\t\t\t\t\t\t<span class=\"elementor-button-content-wrapper\">\n\t\t\t\t\t\t\t\t\t<span class=\"elementor-button-text\">Kontakt<\/span>\n\t\t\t\t\t<\/span>\n\t\t\t\t\t<\/a>\n\t\t\t\t<\/div>\n\t\t\t\t\t\t\t\t<\/div>\n\t\t\t\t<\/div>\n\t\t\t\t\t<\/div>\n\t\t<\/div>\n\t\t\t\t\t<\/div>\n\t\t<\/section>\n\t\t\t\t<\/div>\n\t\t","protected":false},"excerpt":{"rendered":"<p>Firma Kord2 osnovana je 1972. godine. Osnovnu delatnost firme predstavlja proizvodnja rezervnih delova za opremu u kerami\u010dkoj industriji, industriji ambala\u017ee od kartona i ostalim granama industrije. Glavni deo asortimana \u010dine gumeni, silikonski, gumeno-metalni i metalni delovi. Osim na doma\u0107e tr\u017ei\u0161te, zna\u010dajan deo proizvoda se izvozi i u evropske zemlje. Kord2 koristi isklju\u010divo sertifikovane sirovine u&#8230;<\/p>\n","protected":false},"author":1,"featured_media":0,"parent":0,"menu_order":0,"comment_status":"closed","ping_status":"closed","template":"","meta":{"footnotes":""},"class_list":["post-369","page","type-page","status-publish","hentry"],"yoast_head":"<!-- This site is optimized with the Yoast SEO plugin v26.8 - https:\/\/yoast.com\/product\/yoast-seo-wordpress\/ -->\n<title>O nama - Kord2 -Rezervni delovi za opremu pakerica u industriji, rezervni delovi za opremu u kerami\u010dkoj industriji, ostala oprema u industriji<\/title>\n<meta name=\"robots\" content=\"index, follow, max-snippet:-1, max-image-preview:large, max-video-preview:-1\" \/>\n<link rel=\"canonical\" href=\"https:\/\/kord2.com\/wp\/o-nama\/\" \/>\n<meta property=\"og:locale\" content=\"en_US\" \/>\n<meta property=\"og:type\" content=\"article\" \/>\n<meta property=\"og:title\" content=\"O nama - Kord2 -Rezervni delovi za opremu pakerica u industriji, rezervni delovi za opremu u kerami\u010dkoj industriji, ostala oprema u industriji\" \/>\n<meta property=\"og:description\" content=\"Firma Kord2 osnovana je 1972. godine. Osnovnu delatnost firme predstavlja proizvodnja rezervnih delova za opremu u kerami\u010dkoj industriji, industriji ambala\u017ee od kartona i ostalim granama industrije. Glavni deo asortimana \u010dine gumeni, silikonski, gumeno-metalni i metalni delovi. Osim na doma\u0107e tr\u017ei\u0161te, zna\u010dajan deo proizvoda se izvozi i u evropske zemlje. Kord2 koristi isklju\u010divo sertifikovane sirovine u...\" \/>\n<meta property=\"og:url\" content=\"https:\/\/kord2.com\/wp\/o-nama\/\" \/>\n<meta property=\"og:site_name\" content=\"Kord2 -Rezervni delovi za opremu pakerica u industriji, rezervni delovi za opremu u kerami\u010dkoj industriji, ostala oprema u industriji\" \/>\n<meta property=\"article:modified_time\" content=\"2023-04-10T15:52:28+00:00\" \/>\n<meta property=\"og:image\" content=\"http:\/\/kord2.com\/wp\/wp-content\/uploads\/2023\/04\/znaci-sertifikacije-1-300x93.png\" \/>\n<meta name=\"twitter:card\" content=\"summary_large_image\" \/>\n<meta name=\"twitter:label1\" content=\"Est. reading time\" \/>\n\t<meta name=\"twitter:data1\" content=\"2 minutes\" \/>\n<script type=\"application\/ld+json\" class=\"yoast-schema-graph\">{\"@context\":\"https:\/\/schema.org\",\"@graph\":[{\"@type\":\"WebPage\",\"@id\":\"https:\/\/kord2.com\/wp\/o-nama\/\",\"url\":\"https:\/\/kord2.com\/wp\/o-nama\/\",\"name\":\"O nama - Kord2 -Rezervni delovi za opremu pakerica u industriji, rezervni delovi za opremu u kerami\u010dkoj industriji, ostala oprema u industriji\",\"isPartOf\":{\"@id\":\"https:\/\/kord2.com\/wp\/#website\"},\"primaryImageOfPage\":{\"@id\":\"https:\/\/kord2.com\/wp\/o-nama\/#primaryimage\"},\"image\":{\"@id\":\"https:\/\/kord2.com\/wp\/o-nama\/#primaryimage\"},\"thumbnailUrl\":\"http:\/\/kord2.com\/wp\/wp-content\/uploads\/2023\/04\/znaci-sertifikacije-1-300x93.png\",\"datePublished\":\"2023-04-02T14:40:27+00:00\",\"dateModified\":\"2023-04-10T15:52:28+00:00\",\"breadcrumb\":{\"@id\":\"https:\/\/kord2.com\/wp\/o-nama\/#breadcrumb\"},\"inLanguage\":\"en-US\",\"potentialAction\":[{\"@type\":\"ReadAction\",\"target\":[\"https:\/\/kord2.com\/wp\/o-nama\/\"]}]},{\"@type\":\"ImageObject\",\"inLanguage\":\"en-US\",\"@id\":\"https:\/\/kord2.com\/wp\/o-nama\/#primaryimage\",\"url\":\"http:\/\/kord2.com\/wp\/wp-content\/uploads\/2023\/04\/znaci-sertifikacije-1-300x93.png\",\"contentUrl\":\"http:\/\/kord2.com\/wp\/wp-content\/uploads\/2023\/04\/znaci-sertifikacije-1-300x93.png\"},{\"@type\":\"BreadcrumbList\",\"@id\":\"https:\/\/kord2.com\/wp\/o-nama\/#breadcrumb\",\"itemListElement\":[{\"@type\":\"ListItem\",\"position\":1,\"name\":\"Home\",\"item\":\"http:\/\/kord2.com\/wp\/\"},{\"@type\":\"ListItem\",\"position\":2,\"name\":\"O nama\"}]},{\"@type\":\"WebSite\",\"@id\":\"https:\/\/kord2.com\/wp\/#website\",\"url\":\"https:\/\/kord2.com\/wp\/\",\"name\":\"Kord2 - Rezervni delovi za opremu pakerica u industriji, rezervni delovi za opremu u kerami\u010dkoj industriji, ostala oprema u industriji\",\"description\":\"www.kord2.com\",\"potentialAction\":[{\"@type\":\"SearchAction\",\"target\":{\"@type\":\"EntryPoint\",\"urlTemplate\":\"https:\/\/kord2.com\/wp\/?s={search_term_string}\"},\"query-input\":{\"@type\":\"PropertyValueSpecification\",\"valueRequired\":true,\"valueName\":\"search_term_string\"}}],\"inLanguage\":\"en-US\"}]}<\/script>\n<!-- \/ Yoast SEO plugin. -->","yoast_head_json":{"title":"O nama - Kord2 -Rezervni delovi za opremu pakerica u industriji, rezervni delovi za opremu u kerami\u010dkoj industriji, ostala oprema u industriji","robots":{"index":"index","follow":"follow","max-snippet":"max-snippet:-1","max-image-preview":"max-image-preview:large","max-video-preview":"max-video-preview:-1"},"canonical":"https:\/\/kord2.com\/wp\/o-nama\/","og_locale":"en_US","og_type":"article","og_title":"O nama - Kord2 -Rezervni delovi za opremu pakerica u industriji, rezervni delovi za opremu u kerami\u010dkoj industriji, ostala oprema u industriji","og_description":"Firma Kord2 osnovana je 1972. godine. Osnovnu delatnost firme predstavlja proizvodnja rezervnih delova za opremu u kerami\u010dkoj industriji, industriji ambala\u017ee od kartona i ostalim granama industrije. Glavni deo asortimana \u010dine gumeni, silikonski, gumeno-metalni i metalni delovi. Osim na doma\u0107e tr\u017ei\u0161te, zna\u010dajan deo proizvoda se izvozi i u evropske zemlje. Kord2 koristi isklju\u010divo sertifikovane sirovine u...","og_url":"https:\/\/kord2.com\/wp\/o-nama\/","og_site_name":"Kord2 -Rezervni delovi za opremu pakerica u industriji, rezervni delovi za opremu u kerami\u010dkoj industriji, ostala oprema u industriji","article_modified_time":"2023-04-10T15:52:28+00:00","og_image":[{"url":"http:\/\/kord2.com\/wp\/wp-content\/uploads\/2023\/04\/znaci-sertifikacije-1-300x93.png","type":"","width":"","height":""}],"twitter_card":"summary_large_image","twitter_misc":{"Est. reading time":"2 minutes"},"schema":{"@context":"https:\/\/schema.org","@graph":[{"@type":"WebPage","@id":"https:\/\/kord2.com\/wp\/o-nama\/","url":"https:\/\/kord2.com\/wp\/o-nama\/","name":"O nama - Kord2 -Rezervni delovi za opremu pakerica u industriji, rezervni delovi za opremu u kerami\u010dkoj industriji, ostala oprema u industriji","isPartOf":{"@id":"https:\/\/kord2.com\/wp\/#website"},"primaryImageOfPage":{"@id":"https:\/\/kord2.com\/wp\/o-nama\/#primaryimage"},"image":{"@id":"https:\/\/kord2.com\/wp\/o-nama\/#primaryimage"},"thumbnailUrl":"http:\/\/kord2.com\/wp\/wp-content\/uploads\/2023\/04\/znaci-sertifikacije-1-300x93.png","datePublished":"2023-04-02T14:40:27+00:00","dateModified":"2023-04-10T15:52:28+00:00","breadcrumb":{"@id":"https:\/\/kord2.com\/wp\/o-nama\/#breadcrumb"},"inLanguage":"en-US","potentialAction":[{"@type":"ReadAction","target":["https:\/\/kord2.com\/wp\/o-nama\/"]}]},{"@type":"ImageObject","inLanguage":"en-US","@id":"https:\/\/kord2.com\/wp\/o-nama\/#primaryimage","url":"http:\/\/kord2.com\/wp\/wp-content\/uploads\/2023\/04\/znaci-sertifikacije-1-300x93.png","contentUrl":"http:\/\/kord2.com\/wp\/wp-content\/uploads\/2023\/04\/znaci-sertifikacije-1-300x93.png"},{"@type":"BreadcrumbList","@id":"https:\/\/kord2.com\/wp\/o-nama\/#breadcrumb","itemListElement":[{"@type":"ListItem","position":1,"name":"Home","item":"http:\/\/kord2.com\/wp\/"},{"@type":"ListItem","position":2,"name":"O nama"}]},{"@type":"WebSite","@id":"https:\/\/kord2.com\/wp\/#website","url":"https:\/\/kord2.com\/wp\/","name":"Kord2 - Rezervni delovi za opremu pakerica u industriji, rezervni delovi za opremu u kerami\u010dkoj industriji, ostala oprema u industriji","description":"www.kord2.com","potentialAction":[{"@type":"SearchAction","target":{"@type":"EntryPoint","urlTemplate":"https:\/\/kord2.com\/wp\/?s={search_term_string}"},"query-input":{"@type":"PropertyValueSpecification","valueRequired":true,"valueName":"search_term_string"}}],"inLanguage":"en-US"}]}},"_links":{"self":[{"href":"https:\/\/kord2.com\/wp\/wp-json\/wp\/v2\/pages\/369","targetHints":{"allow":["GET"]}}],"collection":[{"href":"https:\/\/kord2.com\/wp\/wp-json\/wp\/v2\/pages"}],"about":[{"href":"https:\/\/kord2.com\/wp\/wp-json\/wp\/v2\/types\/page"}],"author":[{"embeddable":true,"href":"https:\/\/kord2.com\/wp\/wp-json\/wp\/v2\/users\/1"}],"replies":[{"embeddable":true,"href":"https:\/\/kord2.com\/wp\/wp-json\/wp\/v2\/comments?post=369"}],"version-history":[{"count":96,"href":"https:\/\/kord2.com\/wp\/wp-json\/wp\/v2\/pages\/369\/revisions"}],"predecessor-version":[{"id":5895,"href":"https:\/\/kord2.com\/wp\/wp-json\/wp\/v2\/pages\/369\/revisions\/5895"}],"wp:attachment":[{"href":"https:\/\/kord2.com\/wp\/wp-json\/wp\/v2\/media?parent=369"}],"curies":[{"name":"wp","href":"https:\/\/api.w.org\/{rel}","templated":true}]}}