{"id":4956,"date":"2023-04-06T14:47:53","date_gmt":"2023-04-06T14:47:53","guid":{"rendered":"http:\/\/kord2.com\/wp\/?page_id=4956"},"modified":"2023-04-10T09:55:16","modified_gmt":"2023-04-10T09:55:16","slug":"drzaci-za-pritiskivace","status":"publish","type":"page","link":"https:\/\/kord2.com\/wp\/proizvodi\/drzaci-za-pritiskivace\/","title":{"rendered":"Drzaci za pritiskivace"},"content":{"rendered":"\t\t<div data-elementor-type=\"wp-page\" data-elementor-id=\"4956\" class=\"elementor elementor-4956\">\n\t\t\t\t\t\t<section class=\"elementor-section elementor-top-section elementor-element elementor-element-6b768ec elementor-section-boxed elementor-section-height-default elementor-section-height-default\" data-id=\"6b768ec\" data-element_type=\"section\">\n\t\t\t\t\t\t<div class=\"elementor-container elementor-column-gap-default\">\n\t\t\t\t\t<div class=\"elementor-column elementor-col-25 elementor-top-column elementor-element elementor-element-66a354a\" data-id=\"66a354a\" data-element_type=\"column\">\n\t\t\t<div class=\"elementor-widget-wrap elementor-element-populated\">\n\t\t\t\t\t\t<div class=\"elementor-element elementor-element-0bd3d94 elementor-widget elementor-widget-image\" data-id=\"0bd3d94\" data-element_type=\"widget\" data-widget_type=\"image.default\">\n\t\t\t\t<div class=\"elementor-widget-container\">\n\t\t\t\t\t\t\t\t\t\t\t\t\t\t\t\t<a ref=\"magnificPopup\" href=\"https:\/\/kord2.com\/wp\/wp-content\/uploads\/2023\/04\/IMG_8679-scaled.jpg\" data-elementor-open-lightbox=\"no\">\n\t\t\t\t\t\t\t<img fetchpriority=\"high\" decoding=\"async\" width=\"1024\" height=\"683\" src=\"https:\/\/kord2.com\/wp\/wp-content\/uploads\/2023\/04\/IMG_8679-1024x683.jpg\" class=\"attachment-large size-large wp-image-4962\" alt=\"\" srcset=\"https:\/\/kord2.com\/wp\/wp-content\/uploads\/2023\/04\/IMG_8679-1024x683.jpg 1024w, https:\/\/kord2.com\/wp\/wp-content\/uploads\/2023\/04\/IMG_8679-300x200.jpg 300w, https:\/\/kord2.com\/wp\/wp-content\/uploads\/2023\/04\/IMG_8679-768x512.jpg 768w, https:\/\/kord2.com\/wp\/wp-content\/uploads\/2023\/04\/IMG_8679-1536x1024.jpg 1536w, https:\/\/kord2.com\/wp\/wp-content\/uploads\/2023\/04\/IMG_8679-2048x1365.jpg 2048w\" sizes=\"(max-width: 1024px) 100vw, 1024px\" \/>\t\t\t\t\t\t\t\t<\/a>\n\t\t\t\t\t\t\t\t\t\t\t\t\t\t\t<\/div>\n\t\t\t\t<\/div>\n\t\t\t\t<div class=\"elementor-element elementor-element-6f3284f elementor-widget elementor-widget-text-editor\" data-id=\"6f3284f\" data-element_type=\"widget\" data-widget_type=\"text-editor.default\">\n\t\t\t\t<div class=\"elementor-widget-container\">\n\t\t\t\t\t\t\t\t\t<p style=\"text-align: center;\">\u0160ifra: 00076<br \/>Dr\u017ea\u010d za pritiskiva\u010de sa gumom<\/p>\t\t\t\t\t\t\t\t<\/div>\n\t\t\t\t<\/div>\n\t\t\t\t\t<\/div>\n\t\t<\/div>\n\t\t\t\t<div class=\"elementor-column elementor-col-25 elementor-top-column elementor-element elementor-element-a45e160\" data-id=\"a45e160\" data-element_type=\"column\">\n\t\t\t<div class=\"elementor-widget-wrap elementor-element-populated\">\n\t\t\t\t\t\t<div class=\"elementor-element elementor-element-cad9c61 elementor-widget elementor-widget-image\" data-id=\"cad9c61\" data-element_type=\"widget\" data-widget_type=\"image.default\">\n\t\t\t\t<div class=\"elementor-widget-container\">\n\t\t\t\t\t\t\t\t\t\t\t\t\t\t\t\t<a ref=\"magnificPopup\" href=\"https:\/\/kord2.com\/wp\/wp-content\/uploads\/2023\/04\/0001-1.jpg\" data-elementor-open-lightbox=\"no\">\n\t\t\t\t\t\t\t<img decoding=\"async\" width=\"261\" height=\"300\" src=\"https:\/\/kord2.com\/wp\/wp-content\/uploads\/2023\/04\/0001-1-261x300.jpg\" class=\"attachment-medium size-medium wp-image-5781\" alt=\"\" srcset=\"https:\/\/kord2.com\/wp\/wp-content\/uploads\/2023\/04\/0001-1-261x300.jpg 261w, https:\/\/kord2.com\/wp\/wp-content\/uploads\/2023\/04\/0001-1.jpg 432w\" sizes=\"(max-width: 261px) 100vw, 261px\" \/>\t\t\t\t\t\t\t\t<\/a>\n\t\t\t\t\t\t\t\t\t\t\t\t\t\t\t<\/div>\n\t\t\t\t<\/div>\n\t\t\t\t\t<\/div>\n\t\t<\/div>\n\t\t\t\t<div class=\"elementor-column elementor-col-25 elementor-top-column elementor-element elementor-element-db3a66c\" data-id=\"db3a66c\" data-element_type=\"column\">\n\t\t\t<div class=\"elementor-widget-wrap elementor-element-populated\">\n\t\t\t\t\t\t<div class=\"elementor-element elementor-element-6d82b14 elementor-widget elementor-widget-image\" data-id=\"6d82b14\" data-element_type=\"widget\" data-widget_type=\"image.default\">\n\t\t\t\t<div class=\"elementor-widget-container\">\n\t\t\t\t\t\t\t\t\t\t\t\t\t\t\t\t<a ref=\"magnificPopup\" href=\"https:\/\/kord2.com\/wp\/wp-content\/uploads\/2023\/04\/0002-1.jpg\" data-elementor-open-lightbox=\"no\">\n\t\t\t\t\t\t\t<img decoding=\"async\" width=\"262\" height=\"300\" src=\"https:\/\/kord2.com\/wp\/wp-content\/uploads\/2023\/04\/0002-1-262x300.jpg\" class=\"attachment-medium size-medium wp-image-5782\" alt=\"\" srcset=\"https:\/\/kord2.com\/wp\/wp-content\/uploads\/2023\/04\/0002-1-262x300.jpg 262w, https:\/\/kord2.com\/wp\/wp-content\/uploads\/2023\/04\/0002-1.jpg 428w\" sizes=\"(max-width: 262px) 100vw, 262px\" \/>\t\t\t\t\t\t\t\t<\/a>\n\t\t\t\t\t\t\t\t\t\t\t\t\t\t\t<\/div>\n\t\t\t\t<\/div>\n\t\t\t\t\t<\/div>\n\t\t<\/div>\n\t\t\t\t<div class=\"elementor-column elementor-col-25 elementor-top-column elementor-element elementor-element-7e7ed27\" data-id=\"7e7ed27\" data-element_type=\"column\">\n\t\t\t<div class=\"elementor-widget-wrap elementor-element-populated\">\n\t\t\t\t\t\t<section class=\"elementor-section elementor-inner-section elementor-element elementor-element-f6dfbd6 elementor-section-boxed elementor-section-height-default elementor-section-height-default\" data-id=\"f6dfbd6\" data-element_type=\"section\">\n\t\t\t\t\t\t<div class=\"elementor-container elementor-column-gap-default\">\n\t\t\t\t\t<div class=\"elementor-column elementor-col-100 elementor-inner-column elementor-element elementor-element-af8b9ec\" data-id=\"af8b9ec\" data-element_type=\"column\">\n\t\t\t<div class=\"elementor-widget-wrap\">\n\t\t\t\t\t\t\t<\/div>\n\t\t<\/div>\n\t\t\t\t\t<\/div>\n\t\t<\/section>\n\t\t\t\t\t<\/div>\n\t\t<\/div>\n\t\t\t\t\t<\/div>\n\t\t<\/section>\n\t\t\t\t<section class=\"elementor-section elementor-top-section elementor-element elementor-element-05f3dc7 elementor-section-boxed elementor-section-height-default elementor-section-height-default\" data-id=\"05f3dc7\" data-element_type=\"section\">\n\t\t\t\t\t\t<div class=\"elementor-container elementor-column-gap-default\">\n\t\t\t\t\t<div class=\"elementor-column elementor-col-25 elementor-top-column elementor-element elementor-element-57f4a4e\" data-id=\"57f4a4e\" data-element_type=\"column\">\n\t\t\t<div class=\"elementor-widget-wrap elementor-element-populated\">\n\t\t\t\t\t\t<div class=\"elementor-element elementor-element-ee0a5cf elementor-widget elementor-widget-image\" data-id=\"ee0a5cf\" data-element_type=\"widget\" data-widget_type=\"image.default\">\n\t\t\t\t<div class=\"elementor-widget-container\">\n\t\t\t\t\t\t\t\t\t\t\t\t\t\t\t\t<a ref=\"magnificPopup\" href=\"https:\/\/kord2.com\/wp\/wp-content\/uploads\/2023\/04\/IMG_8676-scaled.jpg\" data-elementor-open-lightbox=\"no\">\n\t\t\t\t\t\t\t<img loading=\"lazy\" decoding=\"async\" width=\"1024\" height=\"683\" src=\"https:\/\/kord2.com\/wp\/wp-content\/uploads\/2023\/04\/IMG_8676-1024x683.jpg\" class=\"attachment-large size-large wp-image-4961\" alt=\"\" srcset=\"https:\/\/kord2.com\/wp\/wp-content\/uploads\/2023\/04\/IMG_8676-1024x683.jpg 1024w, https:\/\/kord2.com\/wp\/wp-content\/uploads\/2023\/04\/IMG_8676-300x200.jpg 300w, https:\/\/kord2.com\/wp\/wp-content\/uploads\/2023\/04\/IMG_8676-768x512.jpg 768w, https:\/\/kord2.com\/wp\/wp-content\/uploads\/2023\/04\/IMG_8676-1536x1024.jpg 1536w, https:\/\/kord2.com\/wp\/wp-content\/uploads\/2023\/04\/IMG_8676-2048x1365.jpg 2048w\" sizes=\"(max-width: 1024px) 100vw, 1024px\" \/>\t\t\t\t\t\t\t\t<\/a>\n\t\t\t\t\t\t\t\t\t\t\t\t\t\t\t<\/div>\n\t\t\t\t<\/div>\n\t\t\t\t<div class=\"elementor-element elementor-element-e22014b elementor-widget elementor-widget-text-editor\" data-id=\"e22014b\" data-element_type=\"widget\" data-widget_type=\"text-editor.default\">\n\t\t\t\t<div class=\"elementor-widget-container\">\n\t\t\t\t\t\t\t\t\t<p style=\"text-align: center;\">\u0160ifra: 00075<br \/>Dr\u017ea\u010d za pritiskiva\u010de sa rupom 6,5mm<\/p>\t\t\t\t\t\t\t\t<\/div>\n\t\t\t\t<\/div>\n\t\t\t\t\t<\/div>\n\t\t<\/div>\n\t\t\t\t<div class=\"elementor-column elementor-col-25 elementor-top-column elementor-element elementor-element-043d781\" data-id=\"043d781\" data-element_type=\"column\">\n\t\t\t<div class=\"elementor-widget-wrap elementor-element-populated\">\n\t\t\t\t\t\t<div class=\"elementor-element elementor-element-bfdd9cb elementor-widget elementor-widget-image\" data-id=\"bfdd9cb\" data-element_type=\"widget\" data-widget_type=\"image.default\">\n\t\t\t\t<div class=\"elementor-widget-container\">\n\t\t\t\t\t\t\t\t\t\t\t\t\t\t\t\t<a ref=\"magnificPopup\" href=\"https:\/\/kord2.com\/wp\/wp-content\/uploads\/2023\/04\/0000-1.jpg\" data-elementor-open-lightbox=\"no\">\n\t\t\t\t\t\t\t<img loading=\"lazy\" decoding=\"async\" width=\"256\" height=\"300\" src=\"https:\/\/kord2.com\/wp\/wp-content\/uploads\/2023\/04\/0000-1-256x300.jpg\" class=\"attachment-medium size-medium wp-image-5783\" alt=\"\" srcset=\"https:\/\/kord2.com\/wp\/wp-content\/uploads\/2023\/04\/0000-1-256x300.jpg 256w, https:\/\/kord2.com\/wp\/wp-content\/uploads\/2023\/04\/0000-1.jpg 426w\" sizes=\"(max-width: 256px) 100vw, 256px\" \/>\t\t\t\t\t\t\t\t<\/a>\n\t\t\t\t\t\t\t\t\t\t\t\t\t\t\t<\/div>\n\t\t\t\t<\/div>\n\t\t\t\t\t<\/div>\n\t\t<\/div>\n\t\t\t\t<div class=\"elementor-column elementor-col-25 elementor-top-column elementor-element elementor-element-12d2b0a\" data-id=\"12d2b0a\" data-element_type=\"column\">\n\t\t\t<div class=\"elementor-widget-wrap\">\n\t\t\t\t\t\t\t<\/div>\n\t\t<\/div>\n\t\t\t\t<div class=\"elementor-column elementor-col-25 elementor-top-column elementor-element elementor-element-b38b026\" data-id=\"b38b026\" data-element_type=\"column\">\n\t\t\t<div class=\"elementor-widget-wrap elementor-element-populated\">\n\t\t\t\t\t\t<section class=\"elementor-section elementor-inner-section elementor-element elementor-element-d5dbf56 elementor-section-boxed elementor-section-height-default elementor-section-height-default\" data-id=\"d5dbf56\" data-element_type=\"section\">\n\t\t\t\t\t\t<div class=\"elementor-container elementor-column-gap-default\">\n\t\t\t\t\t<div class=\"elementor-column elementor-col-100 elementor-inner-column elementor-element elementor-element-c443fc3\" data-id=\"c443fc3\" data-element_type=\"column\">\n\t\t\t<div class=\"elementor-widget-wrap\">\n\t\t\t\t\t\t\t<\/div>\n\t\t<\/div>\n\t\t\t\t\t<\/div>\n\t\t<\/section>\n\t\t\t\t\t<\/div>\n\t\t<\/div>\n\t\t\t\t\t<\/div>\n\t\t<\/section>\n\t\t\t\t<\/div>\n\t\t","protected":false},"excerpt":{"rendered":"<p>\u0160ifra: 00076Dr\u017ea\u010d za pritiskiva\u010de sa gumom \u0160ifra: 00075Dr\u017ea\u010d za pritiskiva\u010de sa rupom 6,5mm<\/p>\n","protected":false},"author":1,"featured_media":0,"parent":12,"menu_order":0,"comment_status":"closed","ping_status":"closed","template":"","meta":{"footnotes":""},"class_list":["post-4956","page","type-page","status-publish","hentry"],"yoast_head":"<!-- This site is optimized with the Yoast SEO plugin v26.8 - https:\/\/yoast.com\/product\/yoast-seo-wordpress\/ -->\n<title>Drzaci za pritiskivace - Kord2 -Rezervni delovi za opremu pakerica u industriji, rezervni delovi za opremu u kerami\u010dkoj industriji, ostala oprema u industriji<\/title>\n<meta name=\"robots\" content=\"index, follow, max-snippet:-1, max-image-preview:large, max-video-preview:-1\" \/>\n<link rel=\"canonical\" href=\"https:\/\/kord2.com\/wp\/proizvodi\/drzaci-za-pritiskivace\/\" \/>\n<meta property=\"og:locale\" content=\"en_US\" \/>\n<meta property=\"og:type\" content=\"article\" \/>\n<meta property=\"og:title\" content=\"Drzaci za pritiskivace - Kord2 -Rezervni delovi za opremu pakerica u industriji, rezervni delovi za opremu u kerami\u010dkoj industriji, ostala oprema u industriji\" \/>\n<meta property=\"og:description\" content=\"\u0160ifra: 00076Dr\u017ea\u010d za pritiskiva\u010de sa gumom \u0160ifra: 00075Dr\u017ea\u010d za pritiskiva\u010de sa rupom 6,5mm\" \/>\n<meta property=\"og:url\" content=\"https:\/\/kord2.com\/wp\/proizvodi\/drzaci-za-pritiskivace\/\" \/>\n<meta property=\"og:site_name\" content=\"Kord2 -Rezervni delovi za opremu pakerica u industriji, rezervni delovi za opremu u kerami\u010dkoj industriji, ostala oprema u industriji\" \/>\n<meta property=\"article:modified_time\" content=\"2023-04-10T09:55:16+00:00\" \/>\n<meta property=\"og:image\" content=\"http:\/\/kord2.com\/wp\/wp-content\/uploads\/2023\/04\/IMG_8679-1024x683.jpg\" \/>\n<meta name=\"twitter:card\" content=\"summary_large_image\" \/>\n<meta name=\"twitter:label1\" content=\"Est. reading time\" \/>\n\t<meta name=\"twitter:data1\" content=\"2 minutes\" \/>\n<script type=\"application\/ld+json\" class=\"yoast-schema-graph\">{\"@context\":\"https:\/\/schema.org\",\"@graph\":[{\"@type\":\"WebPage\",\"@id\":\"https:\/\/kord2.com\/wp\/proizvodi\/drzaci-za-pritiskivace\/\",\"url\":\"https:\/\/kord2.com\/wp\/proizvodi\/drzaci-za-pritiskivace\/\",\"name\":\"Drzaci za pritiskivace - Kord2 -Rezervni delovi za opremu pakerica u industriji, rezervni delovi za opremu u kerami\u010dkoj industriji, ostala oprema u industriji\",\"isPartOf\":{\"@id\":\"https:\/\/kord2.com\/wp\/#website\"},\"primaryImageOfPage\":{\"@id\":\"https:\/\/kord2.com\/wp\/proizvodi\/drzaci-za-pritiskivace\/#primaryimage\"},\"image\":{\"@id\":\"https:\/\/kord2.com\/wp\/proizvodi\/drzaci-za-pritiskivace\/#primaryimage\"},\"thumbnailUrl\":\"http:\/\/kord2.com\/wp\/wp-content\/uploads\/2023\/04\/IMG_8679-1024x683.jpg\",\"datePublished\":\"2023-04-06T14:47:53+00:00\",\"dateModified\":\"2023-04-10T09:55:16+00:00\",\"breadcrumb\":{\"@id\":\"https:\/\/kord2.com\/wp\/proizvodi\/drzaci-za-pritiskivace\/#breadcrumb\"},\"inLanguage\":\"en-US\",\"potentialAction\":[{\"@type\":\"ReadAction\",\"target\":[\"https:\/\/kord2.com\/wp\/proizvodi\/drzaci-za-pritiskivace\/\"]}]},{\"@type\":\"ImageObject\",\"inLanguage\":\"en-US\",\"@id\":\"https:\/\/kord2.com\/wp\/proizvodi\/drzaci-za-pritiskivace\/#primaryimage\",\"url\":\"http:\/\/kord2.com\/wp\/wp-content\/uploads\/2023\/04\/IMG_8679-1024x683.jpg\",\"contentUrl\":\"http:\/\/kord2.com\/wp\/wp-content\/uploads\/2023\/04\/IMG_8679-1024x683.jpg\"},{\"@type\":\"BreadcrumbList\",\"@id\":\"https:\/\/kord2.com\/wp\/proizvodi\/drzaci-za-pritiskivace\/#breadcrumb\",\"itemListElement\":[{\"@type\":\"ListItem\",\"position\":1,\"name\":\"Home\",\"item\":\"http:\/\/kord2.com\/wp\/\"},{\"@type\":\"ListItem\",\"position\":2,\"name\":\"Proizvodi\",\"item\":\"https:\/\/kord2.com\/wp\/proizvodi\/\"},{\"@type\":\"ListItem\",\"position\":3,\"name\":\"Drzaci za pritiskivace\"}]},{\"@type\":\"WebSite\",\"@id\":\"https:\/\/kord2.com\/wp\/#website\",\"url\":\"https:\/\/kord2.com\/wp\/\",\"name\":\"Kord2 - Rezervni delovi za opremu pakerica u industriji, rezervni delovi za opremu u kerami\u010dkoj industriji, ostala oprema u industriji\",\"description\":\"www.kord2.com\",\"potentialAction\":[{\"@type\":\"SearchAction\",\"target\":{\"@type\":\"EntryPoint\",\"urlTemplate\":\"https:\/\/kord2.com\/wp\/?s={search_term_string}\"},\"query-input\":{\"@type\":\"PropertyValueSpecification\",\"valueRequired\":true,\"valueName\":\"search_term_string\"}}],\"inLanguage\":\"en-US\"}]}<\/script>\n<!-- \/ Yoast SEO plugin. -->","yoast_head_json":{"title":"Drzaci za pritiskivace - Kord2 -Rezervni delovi za opremu pakerica u industriji, rezervni delovi za opremu u kerami\u010dkoj industriji, ostala oprema u industriji","robots":{"index":"index","follow":"follow","max-snippet":"max-snippet:-1","max-image-preview":"max-image-preview:large","max-video-preview":"max-video-preview:-1"},"canonical":"https:\/\/kord2.com\/wp\/proizvodi\/drzaci-za-pritiskivace\/","og_locale":"en_US","og_type":"article","og_title":"Drzaci za pritiskivace - Kord2 -Rezervni delovi za opremu pakerica u industriji, rezervni delovi za opremu u kerami\u010dkoj industriji, ostala oprema u industriji","og_description":"\u0160ifra: 00076Dr\u017ea\u010d za pritiskiva\u010de sa gumom \u0160ifra: 00075Dr\u017ea\u010d za pritiskiva\u010de sa rupom 6,5mm","og_url":"https:\/\/kord2.com\/wp\/proizvodi\/drzaci-za-pritiskivace\/","og_site_name":"Kord2 -Rezervni delovi za opremu pakerica u industriji, rezervni delovi za opremu u kerami\u010dkoj industriji, ostala oprema u industriji","article_modified_time":"2023-04-10T09:55:16+00:00","og_image":[{"url":"http:\/\/kord2.com\/wp\/wp-content\/uploads\/2023\/04\/IMG_8679-1024x683.jpg","type":"","width":"","height":""}],"twitter_card":"summary_large_image","twitter_misc":{"Est. reading time":"2 minutes"},"schema":{"@context":"https:\/\/schema.org","@graph":[{"@type":"WebPage","@id":"https:\/\/kord2.com\/wp\/proizvodi\/drzaci-za-pritiskivace\/","url":"https:\/\/kord2.com\/wp\/proizvodi\/drzaci-za-pritiskivace\/","name":"Drzaci za pritiskivace - Kord2 -Rezervni delovi za opremu pakerica u industriji, rezervni delovi za opremu u kerami\u010dkoj industriji, ostala oprema u industriji","isPartOf":{"@id":"https:\/\/kord2.com\/wp\/#website"},"primaryImageOfPage":{"@id":"https:\/\/kord2.com\/wp\/proizvodi\/drzaci-za-pritiskivace\/#primaryimage"},"image":{"@id":"https:\/\/kord2.com\/wp\/proizvodi\/drzaci-za-pritiskivace\/#primaryimage"},"thumbnailUrl":"http:\/\/kord2.com\/wp\/wp-content\/uploads\/2023\/04\/IMG_8679-1024x683.jpg","datePublished":"2023-04-06T14:47:53+00:00","dateModified":"2023-04-10T09:55:16+00:00","breadcrumb":{"@id":"https:\/\/kord2.com\/wp\/proizvodi\/drzaci-za-pritiskivace\/#breadcrumb"},"inLanguage":"en-US","potentialAction":[{"@type":"ReadAction","target":["https:\/\/kord2.com\/wp\/proizvodi\/drzaci-za-pritiskivace\/"]}]},{"@type":"ImageObject","inLanguage":"en-US","@id":"https:\/\/kord2.com\/wp\/proizvodi\/drzaci-za-pritiskivace\/#primaryimage","url":"http:\/\/kord2.com\/wp\/wp-content\/uploads\/2023\/04\/IMG_8679-1024x683.jpg","contentUrl":"http:\/\/kord2.com\/wp\/wp-content\/uploads\/2023\/04\/IMG_8679-1024x683.jpg"},{"@type":"BreadcrumbList","@id":"https:\/\/kord2.com\/wp\/proizvodi\/drzaci-za-pritiskivace\/#breadcrumb","itemListElement":[{"@type":"ListItem","position":1,"name":"Home","item":"http:\/\/kord2.com\/wp\/"},{"@type":"ListItem","position":2,"name":"Proizvodi","item":"https:\/\/kord2.com\/wp\/proizvodi\/"},{"@type":"ListItem","position":3,"name":"Drzaci za pritiskivace"}]},{"@type":"WebSite","@id":"https:\/\/kord2.com\/wp\/#website","url":"https:\/\/kord2.com\/wp\/","name":"Kord2 - Rezervni delovi za opremu pakerica u industriji, rezervni delovi za opremu u kerami\u010dkoj industriji, ostala oprema u industriji","description":"www.kord2.com","potentialAction":[{"@type":"SearchAction","target":{"@type":"EntryPoint","urlTemplate":"https:\/\/kord2.com\/wp\/?s={search_term_string}"},"query-input":{"@type":"PropertyValueSpecification","valueRequired":true,"valueName":"search_term_string"}}],"inLanguage":"en-US"}]}},"_links":{"self":[{"href":"https:\/\/kord2.com\/wp\/wp-json\/wp\/v2\/pages\/4956","targetHints":{"allow":["GET"]}}],"collection":[{"href":"https:\/\/kord2.com\/wp\/wp-json\/wp\/v2\/pages"}],"about":[{"href":"https:\/\/kord2.com\/wp\/wp-json\/wp\/v2\/types\/page"}],"author":[{"embeddable":true,"href":"https:\/\/kord2.com\/wp\/wp-json\/wp\/v2\/users\/1"}],"replies":[{"embeddable":true,"href":"https:\/\/kord2.com\/wp\/wp-json\/wp\/v2\/comments?post=4956"}],"version-history":[{"count":16,"href":"https:\/\/kord2.com\/wp\/wp-json\/wp\/v2\/pages\/4956\/revisions"}],"predecessor-version":[{"id":5786,"href":"https:\/\/kord2.com\/wp\/wp-json\/wp\/v2\/pages\/4956\/revisions\/5786"}],"up":[{"embeddable":true,"href":"https:\/\/kord2.com\/wp\/wp-json\/wp\/v2\/pages\/12"}],"wp:attachment":[{"href":"https:\/\/kord2.com\/wp\/wp-json\/wp\/v2\/media?parent=4956"}],"curies":[{"name":"wp","href":"https:\/\/api.w.org\/{rel}","templated":true}]}}